{"id":3,"date":"2025-12-26T22:32:02","date_gmt":"2025-12-26T22:32:02","guid":{"rendered":"http:\/\/bendecidoshop.com\/?page_id=3"},"modified":"2025-12-28T01:09:25","modified_gmt":"2025-12-28T01:09:25","slug":"privacy-policy","status":"publish","type":"page","link":"https:\/\/bendecidoshop.com\/en\/privacy-policy\/","title":{"rendered":"Privacy Notice"},"content":{"rendered":"\n<p><\/p>\n\n\n\n<pre class=\"wp-block-preformatted\">AVISO DE PRIVACIDAD<br><br>Daniel salomon, comercialmente conocido como bendecidoshop, con domicilio en [Direcci\u00f3n completa], es el responsable del uso y protecci\u00f3n de sus datos personales.<br><br>FINALIDADES PRIMARIAS<br>Los datos personales que recabamos de usted, los utilizaremos para las siguientes finalidades que son necesarias para el servicio que solicita:<br><br>\u2022 Respuesta a mensajes del formulario de contacto<br>\u2022 Prestaci\u00f3n de cualquier servicio solicitado<br>\u2022 Env\u00edo de productos adquiridos en esta tienda en l\u00ednea<br><br>DATOS PERSONALES RECABADOS<br>Para las finalidades se\u00f1aladas en el presente aviso de privacidad, podemos recabar sus datos de identificaci\u00f3n y contacto.<br><br>DERECHOS ARCO<br>Usted tiene derecho a conocer qu\u00e9 datos personales tenemos de usted, para qu\u00e9 los utilizamos y las condiciones del uso que les damos (Acceso). Asimismo, es su derecho solicitar la correcci\u00f3n de su informaci\u00f3n personal en caso de que est\u00e9 desactualizada, sea inexacta o incompleta (Rectificaci\u00f3n); que la eliminemos de nuestros registros o bases de datos cuando considere que la misma no est\u00e1 siendo utilizada adecuadamente (Cancelaci\u00f3n); as\u00ed como oponerse al uso de sus datos personales para fines espec\u00edficos (Oposici\u00f3n). Estos derechos se conocen como derechos ARCO.<br><br><br>DATOS RECABADOS POR EL SITIO WEB<br>Nuestro sitio web recaba autom\u00e1ticamente los siguientes datos:<br><br>\u2022 Identificadores, nombre de usuario y contrase\u00f1as de sesi\u00f3n<br>\u2022 Regi\u00f3n en la que se encuentra el usuario<br>\u2022 Tipo de navegador del usuario<br>\u2022 Publicidad revisada por un usuario<br><br>CONTACTO<br>Para m\u00e1s informaci\u00f3n sobre este aviso de privacidad, puede contactarnos en:<br><br>Correo electr\u00f3nico: el_chak_05@hotmail.com<br>Sitio web: bendecidoshop.com<br><br>\u00daltima actualizaci\u00f3n: 27\/12\/2025<\/pre>\n\n\n\n<p><\/p>\n","protected":false},"excerpt":{"rendered":"<p>AVISO DE PRIVACIDADDaniel salomon, comercialmente conocido como bendecidoshop, con domicilio en [Direcci\u00f3n completa], es el responsable del uso y protecci\u00f3n de sus datos personales.FINALIDADES PRIMARIASLos datos personales que recabamos de usted, los utilizaremos para las siguientes finalidades que son necesarias para el servicio que solicita:\u2022 Respuesta a mensajes del formulario de contacto\u2022 Prestaci\u00f3n de cualquier [&hellip;]<\/p>\n","protected":false},"author":1,"featured_media":0,"parent":0,"menu_order":0,"comment_status":"closed","ping_status":"open","template":"","meta":{"footnotes":""},"class_list":["post-3","page","type-page","status-publish","hentry"],"blocksy_meta":[],"_hostinger_reach_plugin_has_subscription_block":false,"_hostinger_reach_plugin_is_elementor":false,"_links":{"self":[{"href":"https:\/\/bendecidoshop.com\/en\/wp-json\/wp\/v2\/pages\/3","targetHints":{"allow":["GET"]}}],"collection":[{"href":"https:\/\/bendecidoshop.com\/en\/wp-json\/wp\/v2\/pages"}],"about":[{"href":"https:\/\/bendecidoshop.com\/en\/wp-json\/wp\/v2\/types\/page"}],"author":[{"embeddable":true,"href":"https:\/\/bendecidoshop.com\/en\/wp-json\/wp\/v2\/users\/1"}],"replies":[{"embeddable":true,"href":"https:\/\/bendecidoshop.com\/en\/wp-json\/wp\/v2\/comments?post=3"}],"version-history":[{"count":1,"href":"https:\/\/bendecidoshop.com\/en\/wp-json\/wp\/v2\/pages\/3\/revisions"}],"predecessor-version":[{"id":89,"href":"https:\/\/bendecidoshop.com\/en\/wp-json\/wp\/v2\/pages\/3\/revisions\/89"}],"wp:attachment":[{"href":"https:\/\/bendecidoshop.com\/en\/wp-json\/wp\/v2\/media?parent=3"}],"curies":[{"name":"wp","href":"https:\/\/api.w.org\/{rel}","templated":true}]}}