{"id":92,"date":"2025-12-28T01:15:17","date_gmt":"2025-12-28T01:15:17","guid":{"rendered":"https:\/\/bendecidoshop.com\/?page_id=92"},"modified":"2025-12-28T01:15:17","modified_gmt":"2025-12-28T01:15:17","slug":"terminos-y-condiciones","status":"publish","type":"page","link":"https:\/\/bendecidoshop.com\/en\/terminos-y-condiciones\/","title":{"rendered":"T\u00e9rminos y condiciones"},"content":{"rendered":"<pre class=\"wp-block-preformatted\">T\u00e9rminos y Condiciones de bendecidoshop\n\n1. INFORMACI\u00d3N GENERAL\n\nEste sitio web es operado por bendecidoshop. En todo el sitio, los t\u00e9rminos \"nosotros\", \"nos\" y \"nuestro\" se refieren a bendecidoshop. \nSitio web: bendecidoshop.com\nEmail de contacto: el_chak_05@hotmail.com\nDirecci\u00f3n: mexico\n\n2. PRODUCTOS Y SERVICIOS\n\nNos esforzamos por mostrar con la mayor precisi\u00f3n los colores y las im\u00e1genes de nuestros productos que aparecen en la tienda. No podemos garantizar que la visualizaci\u00f3n de cualquier color en su monitor sea exacta.\n\n3. PRECIOS Y PAGOS\n\nTodos los precios est\u00e1n sujetos a cambios sin previo aviso. Los precios mostrados incluyen IVA cuando corresponda.\n\n4. ENV\u00cdOS\n\nEl tiempo estimado de env\u00edo es de 3-5 d\u00edas h\u00e1biles. Los tiempos de entrega son estimados y no podemos garantizar entregas en fechas espec\u00edficas.\n\n5. POL\u00cdTICA DE DEVOLUCIONES\n\nAceptamos devoluciones dentro de los 14 d\u00edas posteriores a la recepci\u00f3n del producto.\n\n5.1 PROCEDIMIENTO DE DEVOLUCI\u00d3N\n\n1. Devoluci\u00f3n del dinero (solo aplica para casos de garant\u00eda y ley de retracto):\n- A trav\u00e9s de transferencia (cuenta de ahorros, cuenta corriente, ahorro a la mano): se realiza aproximadamente dentro de los cinco d\u00edas h\u00e1biles siguientes de recibir el producto nuevamente en nuestra bodega.\n- A trav\u00e9s de reversi\u00f3n del pago: quince d\u00edas h\u00e1biles despu\u00e9s de recibir el producto en nuestra bodega. \u00c9sta reversi\u00f3n corre por cuenta y orden de tu entidad bancaria, cualquier duda debes comunicarte directamente con ellos.\n- Cambio del producto (Sujeto a disponibilidad de inventario en el momento del cambio). S\u00f3lo se podr\u00e1n realizar cambios por productos con valor igual o inferior al original y la diferencia en caso de aplicar, se entregar\u00e1 en un cup\u00f3n para una nueva compra en la tienda online. En caso de no contar con disponibilidad para el cambio, se entregar\u00e1 el valor del producto(s) en un cup\u00f3n para una nueva compra.\n- Cup\u00f3n para realizar una nueva compra (Este cup\u00f3n tiene validez por seis meses a partir de la fecha de creaci\u00f3n).\n2. Cambio del producto (Sujeto a disponibilidad de inventario en el momento del cambio). S\u00f3lo se podr\u00e1n realizar cambios por productos con valor igual o inferior al original y la diferencia en caso de aplicar, se entregar\u00e1 en un cup\u00f3n para una nueva compra en la tienda online. En caso de no contar con disponibilidad para el cambio, se entregar\u00e1 el valor del producto(s) en un cup\u00f3n para una nueva compra.\n3. Cup\u00f3n para realizar una nueva compra (Este cup\u00f3n tiene validez por seis meses a partir de la fecha de creaci\u00f3n).\n\n5.2 CONDICIONES DEL PRODUCTO PARA DEVOLUCI\u00d3N\n\nEl producto deber\u00e1 devolverse en \u00f3ptimas condiciones, sin rastros de haber sido utilizado, con las etiquetas originales o en su defecto, si ya fueron retiradas, debes introducirlas en el empaque. Una vez recibido el producto en nuestra bodega, verificaremos las condiciones del mismo y de acuerdo con los resultados, se te enviar\u00e1 un producto nuevo o se te entregar\u00e1 un cup\u00f3n para una nueva compra.\n\n6. PRIVACIDAD Y PROTECCI\u00d3N DE DATOS\n\nNos comprometemos a proteger su privacidad. La informaci\u00f3n personal que nos proporcione se utilizar\u00e1 \u00fanicamente para procesar su pedido y mejorar su experiencia de compra.\n\n7. MODIFICACIONES DE LOS T\u00c9RMINOS\n\nNos reservamos el derecho de modificar estos t\u00e9rminos en cualquier momento. Los cambios entrar\u00e1n en vigor inmediatamente despu\u00e9s de su publicaci\u00f3n en el sitio web.\n\n\u00daltima actualizaci\u00f3n: 27\/12\/2025<\/pre>","protected":false},"excerpt":{"rendered":"<p>T\u00e9rminos y Condiciones de bendecidoshop 1. INFORMACI\u00d3N GENERAL Este sitio web es operado por bendecidoshop. En todo el sitio, los t\u00e9rminos &#8220;nosotros&#8221;, &#8220;nos&#8221; y &#8220;nuestro&#8221; se refieren a bendecidoshop. Sitio web: bendecidoshop.com Email de contacto: el_chak_05@hotmail.com Direcci\u00f3n: mexico 2. PRODUCTOS Y SERVICIOS Nos esforzamos por mostrar con la mayor precisi\u00f3n los colores y las im\u00e1genes [&hellip;]<\/p>\n","protected":false},"author":1,"featured_media":0,"parent":0,"menu_order":0,"comment_status":"closed","ping_status":"closed","template":"","meta":{"footnotes":""},"class_list":["post-92","page","type-page","status-publish","hentry"],"blocksy_meta":[],"_hostinger_reach_plugin_has_subscription_block":false,"_hostinger_reach_plugin_is_elementor":false,"_links":{"self":[{"href":"https:\/\/bendecidoshop.com\/en\/wp-json\/wp\/v2\/pages\/92","targetHints":{"allow":["GET"]}}],"collection":[{"href":"https:\/\/bendecidoshop.com\/en\/wp-json\/wp\/v2\/pages"}],"about":[{"href":"https:\/\/bendecidoshop.com\/en\/wp-json\/wp\/v2\/types\/page"}],"author":[{"embeddable":true,"href":"https:\/\/bendecidoshop.com\/en\/wp-json\/wp\/v2\/users\/1"}],"replies":[{"embeddable":true,"href":"https:\/\/bendecidoshop.com\/en\/wp-json\/wp\/v2\/comments?post=92"}],"version-history":[{"count":1,"href":"https:\/\/bendecidoshop.com\/en\/wp-json\/wp\/v2\/pages\/92\/revisions"}],"predecessor-version":[{"id":93,"href":"https:\/\/bendecidoshop.com\/en\/wp-json\/wp\/v2\/pages\/92\/revisions\/93"}],"wp:attachment":[{"href":"https:\/\/bendecidoshop.com\/en\/wp-json\/wp\/v2\/media?parent=92"}],"curies":[{"name":"wp","href":"https:\/\/api.w.org\/{rel}","templated":true}]}}